{"id":2528,"date":"2026-02-26T20:21:29","date_gmt":"2026-02-26T19:21:29","guid":{"rendered":"https:\/\/diwalipuja2026.com\/lieu-et-acces\/"},"modified":"2026-03-28T15:22:50","modified_gmt":"2026-03-28T14:22:50","slug":"lieu-et-acces","status":"publish","type":"page","link":"https:\/\/diwalipuja2026.com\/fr\/lieu-et-acces\/","title":{"rendered":"Lieu et Acc\u00e8s"},"content":{"rendered":"\t\t<div data-elementor-type=\"wp-post\" data-elementor-id=\"2528\" class=\"elementor elementor-2528 elementor-1937\">\n\t\t\t\t<div class=\"elementor-element elementor-element-a0fb02c e-flex e-con-boxed e-con e-parent\" data-id=\"a0fb02c\" data-element_type=\"container\" data-e-type=\"container\" data-settings=\"{&quot;background_background&quot;:&quot;classic&quot;}\">\n\t\t\t\t\t<div class=\"e-con-inner\">\n\t\t<div class=\"elementor-element elementor-element-45933ab e-con-full e-flex e-con e-child\" data-id=\"45933ab\" data-element_type=\"container\" data-e-type=\"container\">\n\t\t\t\t<div class=\"elementor-element elementor-element-a452ee8 elementor-widget elementor-widget-heading\" data-id=\"a452ee8\" data-element_type=\"widget\" data-e-type=\"widget\" data-widget_type=\"heading.default\">\n\t\t\t\t<div class=\"elementor-widget-container\">\n\t\t\t\t\t<h1 class=\"elementor-heading-title elementor-size-default\">Lieu et acc\u00e8s<\/h1>\t\t\t\t<\/div>\n\t\t\t\t<\/div>\n\t\t\t\t<\/div>\n\t\t\t\t\t<\/div>\n\t\t\t\t<\/div>\n\t\t<div class=\"elementor-element elementor-element-ef6eac2 e-flex e-con-boxed e-con e-parent\" data-id=\"ef6eac2\" data-element_type=\"container\" data-e-type=\"container\" data-settings=\"{&quot;background_background&quot;:&quot;classic&quot;}\">\n\t\t\t\t\t<div class=\"e-con-inner\">\n\t\t\t\t<div class=\"elementor-element elementor-element-19c92b3 elementor-widget elementor-widget-image-box\" data-id=\"19c92b3\" data-element_type=\"widget\" data-e-type=\"widget\" data-widget_type=\"image-box.default\">\n\t\t\t\t<div class=\"elementor-widget-container\">\n\t\t\t\t\t<div class=\"elementor-image-box-wrapper\"><div class=\"elementor-image-box-content\"><h3 class=\"elementor-image-box-title\">Schwarzsee, Switzerland<\/h3><p class=\"elementor-image-box-description\">Hostellerie am Schwarzsee<br>Seestrasse 10<br>1716 Schwarzsee<\/p><\/div><\/div>\t\t\t\t<\/div>\n\t\t\t\t<\/div>\n\t\t\t\t\t<\/div>\n\t\t\t\t<\/div>\n\t\t<div class=\"elementor-element elementor-element-788fc37 e-con-full e-flex e-con e-parent\" data-id=\"788fc37\" data-element_type=\"container\" data-e-type=\"container\">\n\t\t\t\t<div class=\"elementor-element elementor-element-90baa9c elementor-widget elementor-widget-google_maps\" data-id=\"90baa9c\" data-element_type=\"widget\" data-e-type=\"widget\" data-widget_type=\"google_maps.default\">\n\t\t\t\t<div class=\"elementor-widget-container\">\n\t\t\t\t\t\t\t<div class=\"elementor-custom-embed\">\n\t\t\t<iframe loading=\"lazy\"\n\t\t\t\t\tsrc=\"https:\/\/maps.google.com\/maps?q=Hostellerie%20am%20Schwarzsee%2C%20Seestrasse%2010%2C%20CH-1716%20Schwarzsee&#038;t=m&#038;z=9&#038;output=embed&#038;iwloc=near\"\n\t\t\t\t\ttitle=\"Hostellerie am Schwarzsee, Seestrasse 10, CH-1716 Schwarzsee\"\n\t\t\t\t\taria-label=\"Hostellerie am Schwarzsee, Seestrasse 10, CH-1716 Schwarzsee\"\n\t\t\t><\/iframe>\n\t\t<\/div>\n\t\t\t\t\t\t<\/div>\n\t\t\t\t<\/div>\n\t\t\t\t<\/div>\n\t\t<div class=\"elementor-element elementor-element-0f14f45 e-flex e-con-boxed e-con e-parent\" data-id=\"0f14f45\" data-element_type=\"container\" data-e-type=\"container\" data-settings=\"{&quot;background_background&quot;:&quot;classic&quot;}\">\n\t\t\t\t\t<div class=\"e-con-inner\">\n\t\t\t\t<div class=\"elementor-element elementor-element-8b1a670 elementor-widget elementor-widget-heading\" data-id=\"8b1a670\" data-element_type=\"widget\" data-e-type=\"widget\" data-widget_type=\"heading.default\">\n\t\t\t\t<div class=\"elementor-widget-container\">\n\t\t\t\t\t<h2 class=\"elementor-heading-title elementor-size-default\">Acc\u00e8s<\/h2>\t\t\t\t<\/div>\n\t\t\t\t<\/div>\n\t\t\t\t\t<\/div>\n\t\t\t\t<\/div>\n\t\t<div class=\"elementor-element elementor-element-7ae9ac4 e-flex e-con-boxed e-con e-parent\" data-id=\"7ae9ac4\" data-element_type=\"container\" data-e-type=\"container\" data-settings=\"{&quot;background_background&quot;:&quot;classic&quot;}\">\n\t\t\t\t\t<div class=\"e-con-inner\">\n\t\t<div class=\"elementor-element elementor-element-287451e e-con-full e-flex elementor-invisible e-con e-child\" data-id=\"287451e\" data-element_type=\"container\" data-e-type=\"container\" data-settings=\"{&quot;animation&quot;:&quot;zoomIn&quot;}\">\n\t\t\t\t<div class=\"elementor-element elementor-element-67b70d4 animated-slow elementor-view-default elementor-position-block-start elementor-mobile-position-block-start elementor-invisible elementor-widget elementor-widget-icon-box\" data-id=\"67b70d4\" data-element_type=\"widget\" data-e-type=\"widget\" data-settings=\"{&quot;_animation&quot;:&quot;slideInLeft&quot;}\" data-widget_type=\"icon-box.default\">\n\t\t\t\t<div class=\"elementor-widget-container\">\n\t\t\t\t\t\t\t<div class=\"elementor-icon-box-wrapper\">\n\n\t\t\t\t\t\t<div class=\"elementor-icon-box-icon\">\n\t\t\t\t<span  class=\"elementor-icon\">\n\t\t\t\t<i aria-hidden=\"true\" class=\"fas fa-plane\"><\/i>\t\t\t\t<\/span>\n\t\t\t<\/div>\n\t\t\t\n\t\t\t\t\t\t<div class=\"elementor-icon-box-content\">\n\n\t\t\t\t\t\t\t\t\t<h3 class=\"elementor-icon-box-title\">\n\t\t\t\t\t\t<span  >\n\t\t\t\t\t\t\tEn avion\t\t\t\t\t\t<\/span>\n\t\t\t\t\t<\/h3>\n\t\t\t\t\n\t\t\t\t\n\t\t\t<\/div>\n\t\t\t\n\t\t<\/div>\n\t\t\t\t\t\t<\/div>\n\t\t\t\t<\/div>\n\t\t\t\t<\/div>\n\t\t<div class=\"elementor-element elementor-element-cdb5e91 e-con-full e-flex e-con e-child\" data-id=\"cdb5e91\" data-element_type=\"container\" data-e-type=\"container\">\n\t\t\t\t<div class=\"elementor-element elementor-element-67505b4 elementor-widget elementor-widget-text-editor\" data-id=\"67505b4\" data-element_type=\"widget\" data-e-type=\"widget\" data-widget_type=\"text-editor.default\">\n\t\t\t\t<div class=\"elementor-widget-container\">\n\t\t\t\t\t\t\t\t\t<p>Les a\u00e9roports les plus proches sont <strong>Gen\u00e8ve (GVA)<\/strong>,<strong> Zurich (ZRH)<\/strong> et <strong>B\u00e2le-Mulhouse (BSL)<\/strong>.<\/p><p>De l\u00e0, on peut rejoindre Schwarzsee en train et en bus ou en voiture.<\/p><p><strong>Depuis l&#8217;a\u00e9roport de Gen\u00e8ve (GVA)<\/strong><\/p><ul><li>Train direct GVA \u2192 Fribourg : environ 1 heure 30 minutes <\/li><li>Bus Fribourg \u2192 Schwarzsee : environ 50 minutes <\/li><\/ul><p><strong>Depuis l&#8217;a\u00e9roport de Zurich (ZRH)<\/strong><\/p><ul><li>Train ZRH \u2192 Fribourg : environ 1 heure 45 minutes (via Zurich HB puis Berne) <\/li><li>Bus Fribourg \u2192 Schwarzsee : env. 50 minutes <\/li><\/ul><p><strong>Depuis B\u00e2le-Mulhouse (BSL)<\/strong><\/p><ul><li>Navette BSL \u2192 Gare CFF de B\u00e2le<\/li><li>Train B\u00e2le \u2192 Fribourg : env. 1 heure 20 minutes <\/li><li>Bus Fribourg \u2192 Schwarzsee : env. 50 minutes <\/li><\/ul>\t\t\t\t\t\t\t\t<\/div>\n\t\t\t\t<\/div>\n\t\t\t\t<\/div>\n\t\t\t\t\t<\/div>\n\t\t\t\t<\/div>\n\t\t<div class=\"elementor-element elementor-element-ec12daa e-flex e-con-boxed e-con e-parent\" data-id=\"ec12daa\" data-element_type=\"container\" data-e-type=\"container\">\n\t\t\t\t\t<div class=\"e-con-inner\">\n\t\t<div class=\"elementor-element elementor-element-047b470 e-con-full e-flex e-con e-child\" data-id=\"047b470\" data-element_type=\"container\" data-e-type=\"container\">\n\t\t\t\t<div class=\"elementor-element elementor-element-c12d00b elementor-widget-divider--view-line elementor-widget elementor-widget-divider\" data-id=\"c12d00b\" data-element_type=\"widget\" data-e-type=\"widget\" data-widget_type=\"divider.default\">\n\t\t\t\t<div class=\"elementor-widget-container\">\n\t\t\t\t\t\t\t<div class=\"elementor-divider\">\n\t\t\t<span class=\"elementor-divider-separator\">\n\t\t\t\t\t\t<\/span>\n\t\t<\/div>\n\t\t\t\t\t\t<\/div>\n\t\t\t\t<\/div>\n\t\t\t\t<\/div>\n\t\t\t\t\t<\/div>\n\t\t\t\t<\/div>\n\t\t<div class=\"elementor-element elementor-element-2e49457 e-flex e-con-boxed e-con e-parent\" data-id=\"2e49457\" data-element_type=\"container\" data-e-type=\"container\">\n\t\t\t\t\t<div class=\"e-con-inner\">\n\t\t<div class=\"elementor-element elementor-element-800dc7e e-con-full e-flex e-con e-child\" data-id=\"800dc7e\" data-element_type=\"container\" data-e-type=\"container\">\n\t\t<div class=\"elementor-element elementor-element-e802ccd e-con-full e-flex elementor-invisible e-con e-child\" data-id=\"e802ccd\" data-element_type=\"container\" data-e-type=\"container\" data-settings=\"{&quot;animation&quot;:&quot;zoomIn&quot;}\">\n\t\t\t\t<div class=\"elementor-element elementor-element-6086e38 animated-slow elementor-view-default elementor-position-block-start elementor-mobile-position-block-start elementor-invisible elementor-widget elementor-widget-icon-box\" data-id=\"6086e38\" data-element_type=\"widget\" data-e-type=\"widget\" data-settings=\"{&quot;_animation&quot;:&quot;zoomInDown&quot;}\" data-widget_type=\"icon-box.default\">\n\t\t\t\t<div class=\"elementor-widget-container\">\n\t\t\t\t\t\t\t<div class=\"elementor-icon-box-wrapper\">\n\n\t\t\t\t\t\t<div class=\"elementor-icon-box-icon\">\n\t\t\t\t<span  class=\"elementor-icon\">\n\t\t\t\t<i aria-hidden=\"true\" class=\"fas fa-train\"><\/i>\t\t\t\t<\/span>\n\t\t\t<\/div>\n\t\t\t\n\t\t\t\t\t\t<div class=\"elementor-icon-box-content\">\n\n\t\t\t\t\t\t\t\t\t<h3 class=\"elementor-icon-box-title\">\n\t\t\t\t\t\t<span  >\n\t\t\t\t\t\t\tEn train + bus\t\t\t\t\t\t<\/span>\n\t\t\t\t\t<\/h3>\n\t\t\t\t\n\t\t\t\t\n\t\t\t<\/div>\n\t\t\t\n\t\t<\/div>\n\t\t\t\t\t\t<\/div>\n\t\t\t\t<\/div>\n\t\t\t\t<\/div>\n\t\t<div class=\"elementor-element elementor-element-11f9ea7 e-con-full e-flex e-con e-child\" data-id=\"11f9ea7\" data-element_type=\"container\" data-e-type=\"container\">\n\t\t\t\t<div class=\"elementor-element elementor-element-cc7b995 elementor-widget elementor-widget-text-editor\" data-id=\"cc7b995\" data-element_type=\"widget\" data-e-type=\"widget\" data-widget_type=\"text-editor.default\">\n\t\t\t\t<div class=\"elementor-widget-container\">\n\t\t\t\t\t\t\t\t\t<p>Schwarzsee n&#8217;a pas de gare. Le trajet se fait via<strong> Fribourg<\/strong>, puis en <strong>bus TPF ligne 123<\/strong> jusqu&#8217;\u00e0 Schwarzsee. <\/p><p>Fribourg est situ\u00e9e sur la ligne ferroviaire principale Gen\u00e8ve\u2013Zurich\u2013Fribourg.<\/p><p><strong>De Gen\u00e8ve<\/strong><\/p><ul><li>Train Gen\u00e8ve \u2192 Fribourg : environ 1 heure 20 minutes (direct ou via Lausanne) <\/li><li>Bus Fribourg \u2192 Schwarzsee : environ 50 min (TPF 123) <\/li><\/ul><p><strong>De B\u00e2le<\/strong><\/p><ul><li>Train B\u00e2le \u2192 Fribourg : environ 1 heure 20 minutes (via Berne) <\/li><li>Bus Fribourg \u2192 Schwarzsee : environ 50 min <\/li><\/ul><p><strong>De Zurich <\/strong><\/p><ul><li>Train Zurich \u2192 Fribourg : environ 1 heure 30 minutes (via Berne) <\/li><li>Bus Fribourg \u2192 Schwarzsee : env. 50 min <\/li><\/ul><p>Pour les horaires : <span style=\"text-decoration: underline;\"><a href=\"https:\/\/www.sbb.ch\/fr\" target=\"_blank\" rel=\"noopener\">CFF\/CFF CFF<\/a><\/span><\/p>\t\t\t\t\t\t\t\t<\/div>\n\t\t\t\t<\/div>\n\t\t\t\t<\/div>\n\t\t\t\t<\/div>\n\t\t\t\t\t<\/div>\n\t\t\t\t<\/div>\n\t\t<div class=\"elementor-element elementor-element-27a057d e-flex e-con-boxed e-con e-parent\" data-id=\"27a057d\" data-element_type=\"container\" data-e-type=\"container\">\n\t\t\t\t\t<div class=\"e-con-inner\">\n\t\t\t\t<div class=\"elementor-element elementor-element-c624f92 elementor-widget-divider--view-line elementor-widget elementor-widget-divider\" data-id=\"c624f92\" data-element_type=\"widget\" data-e-type=\"widget\" data-widget_type=\"divider.default\">\n\t\t\t\t<div class=\"elementor-widget-container\">\n\t\t\t\t\t\t\t<div class=\"elementor-divider\">\n\t\t\t<span class=\"elementor-divider-separator\">\n\t\t\t\t\t\t<\/span>\n\t\t<\/div>\n\t\t\t\t\t\t<\/div>\n\t\t\t\t<\/div>\n\t\t\t\t\t<\/div>\n\t\t\t\t<\/div>\n\t\t<div class=\"elementor-element elementor-element-d077d5c e-flex e-con-boxed e-con e-parent\" data-id=\"d077d5c\" data-element_type=\"container\" data-e-type=\"container\">\n\t\t\t\t\t<div class=\"e-con-inner\">\n\t\t<div class=\"elementor-element elementor-element-4458412 e-con-full e-flex e-con e-child\" data-id=\"4458412\" data-element_type=\"container\" data-e-type=\"container\">\n\t\t<div class=\"elementor-element elementor-element-88bdd62 e-con-full e-flex elementor-invisible e-con e-child\" data-id=\"88bdd62\" data-element_type=\"container\" data-e-type=\"container\" data-settings=\"{&quot;animation&quot;:&quot;zoomIn&quot;}\">\n\t\t\t\t<div class=\"elementor-element elementor-element-95abd3e elementor-view-default elementor-position-block-start elementor-mobile-position-block-start elementor-widget elementor-widget-icon-box\" data-id=\"95abd3e\" data-element_type=\"widget\" data-e-type=\"widget\" data-widget_type=\"icon-box.default\">\n\t\t\t\t<div class=\"elementor-widget-container\">\n\t\t\t\t\t\t\t<div class=\"elementor-icon-box-wrapper\">\n\n\t\t\t\t\t\t<div class=\"elementor-icon-box-icon\">\n\t\t\t\t<span  class=\"elementor-icon\">\n\t\t\t\t<i aria-hidden=\"true\" class=\"fas fa-car\"><\/i>\t\t\t\t<\/span>\n\t\t\t<\/div>\n\t\t\t\n\t\t\t\t\t\t<div class=\"elementor-icon-box-content\">\n\n\t\t\t\t\t\t\t\t\t<h3 class=\"elementor-icon-box-title\">\n\t\t\t\t\t\t<span  >\n\t\t\t\t\t\t\tEn voiture\t\t\t\t\t\t<\/span>\n\t\t\t\t\t<\/h3>\n\t\t\t\t\n\t\t\t\t\n\t\t\t<\/div>\n\t\t\t\n\t\t<\/div>\n\t\t\t\t\t\t<\/div>\n\t\t\t\t<\/div>\n\t\t\t\t<\/div>\n\t\t<div class=\"elementor-element elementor-element-40f2b93 e-con-full e-flex e-con e-child\" data-id=\"40f2b93\" data-element_type=\"container\" data-e-type=\"container\">\n\t\t\t\t<div class=\"elementor-element elementor-element-b6cbccb elementor-widget elementor-widget-text-editor\" data-id=\"b6cbccb\" data-element_type=\"widget\" data-e-type=\"widget\" data-widget_type=\"text-editor.default\">\n\t\t\t\t<div class=\"elementor-widget-container\">\n\t\t\t\t\t\t\t\t\t<p>Schwarzsee est situ\u00e9 dans le canton de Fribourg, accessible via les autoroutes<strong> A1 <\/strong>(Gen\u00e8ve\u2013Zurich) et <strong>A12<\/strong> (Berne\u2013Vevey).<\/p><p><strong>De Gen\u00e8ve<\/strong><\/p><ul><li>Temps de trajet : environ <strong>1 heure 45 minutes<\/strong><\/li><li>Directions :<\/li><\/ul><ol><li>Autoroute A1 direction Lausanne \u2192 Fribourg<\/li><li>A Fribourg, prenez l&#8217;A12 en direction de Berne.<\/li><li>Sortie \u00e0 D\u00fcdingen\/Schmitten<\/li><li>Suivre les panneaux indiquant Plaffeien \u2192 Schwarzsee<\/li><\/ol><p> <\/p><p><strong>Depuis B\u00e2le<\/strong><\/p><ul><li>Temps de trajet : environ<strong> 1 heure 45 minutes<\/strong><\/li><li>Itin\u00e9raire :<\/li><\/ul><ol><li>Autoroute A2 en direction de Lucerne<\/li><li>Rejoindre lA1 en direction de Berne<\/li><li>\u00c0 Berne, prendre lA12 en direction de Fribourg<\/li><li>Sortie Plaffeien\/Schwarzsee<\/li><\/ol><p><strong> <\/strong><\/p><p><strong>Depuis Zurich<\/strong><\/p><ul><li>Temps de trajet : env.<strong> 2 heures<\/strong><\/li><li>Itin\u00e9raire :<\/li><\/ul><ol><li>Autoroute A1 en direction de Berne<\/li><li>\u00c0 Berne, prendre lA12 en direction de Fribourg<\/li><li>Sortie Plaffeien\/Schwarzsee<\/li><\/ol>\t\t\t\t\t\t\t\t<\/div>\n\t\t\t\t<\/div>\n\t\t\t\t<\/div>\n\t\t\t\t<\/div>\n\t\t\t\t\t<\/div>\n\t\t\t\t<\/div>\n\t\t\t\t<\/div>\n\t\t","protected":false},"excerpt":{"rendered":"<p>Lieu et acc\u00e8s Schwarzsee, Switzerland Hostellerie am SchwarzseeSeestrasse 101716 Schwarzsee Acc\u00e8s En avion Les a\u00e9roports les plus proches sont Gen\u00e8ve (GVA), Zurich (ZRH) et B\u00e2le-Mulhouse (BSL). De l\u00e0, on peut rejoindre Schwarzsee en train et en bus ou en voiture. Depuis l&#8217;a\u00e9roport de Gen\u00e8ve (GVA) Train direct GVA \u2192 Fribourg : environ 1 heure 30 [&hellip;]<\/p>\n","protected":false},"author":1,"featured_media":0,"parent":0,"menu_order":0,"comment_status":"closed","ping_status":"closed","template":"","meta":{"_uag_custom_page_level_css":"","site-sidebar-layout":"no-sidebar","site-content-layout":"page-builder","ast-site-content-layout":"full-width-container","site-content-style":"default","site-sidebar-style":"unboxed","ast-global-header-display":"","ast-banner-title-visibility":"","ast-main-header-display":"","ast-hfb-above-header-display":"","ast-hfb-below-header-display":"","ast-hfb-mobile-header-display":"","site-post-title":"disabled","ast-breadcrumbs-content":"","ast-featured-img":"disabled","footer-sml-layout":"","ast-disable-related-posts":"","theme-transparent-header-meta":"enabled","adv-header-id-meta":"","stick-header-meta":"","header-above-stick-meta":"","header-main-stick-meta":"","header-below-stick-meta":"","astra-migrate-meta-layouts":"default","ast-page-background-enabled":"default","ast-page-background-meta":{"desktop":{"background-color":"","background-image":"","background-repeat":"repeat","background-position":"center center","background-size":"auto","background-attachment":"scroll","background-type":"","background-media":"","overlay-type":"","overlay-color":"","overlay-opacity":"","overlay-gradient":""},"tablet":{"background-color":"","background-image":"","background-repeat":"repeat","background-position":"center center","background-size":"auto","background-attachment":"scroll","background-type":"","background-media":"","overlay-type":"","overlay-color":"","overlay-opacity":"","overlay-gradient":""},"mobile":{"background-color":"","background-image":"","background-repeat":"repeat","background-position":"center center","background-size":"auto","background-attachment":"scroll","background-type":"","background-media":"","overlay-type":"","overlay-color":"","overlay-opacity":"","overlay-gradient":""}},"ast-content-background-meta":{"desktop":{"background-color":"var(--ast-global-color-5)","background-image":"","background-repeat":"repeat","background-position":"center center","background-size":"auto","background-attachment":"scroll","background-type":"","background-media":"","overlay-type":"","overlay-color":"","overlay-opacity":"","overlay-gradient":""},"tablet":{"background-color":"var(--ast-global-color-5)","background-image":"","background-repeat":"repeat","background-position":"center center","background-size":"auto","background-attachment":"scroll","background-type":"","background-media":"","overlay-type":"","overlay-color":"","overlay-opacity":"","overlay-gradient":""},"mobile":{"background-color":"var(--ast-global-color-5)","background-image":"","background-repeat":"repeat","background-position":"center center","background-size":"auto","background-attachment":"scroll","background-type":"","background-media":"","overlay-type":"","overlay-color":"","overlay-opacity":"","overlay-gradient":""}},"footnotes":""},"class_list":["post-2528","page","type-page","status-publish","hentry"],"uagb_featured_image_src":{"full":false,"thumbnail":false,"medium":false,"medium_large":false,"large":false,"1536x1536":false,"2048x2048":false,"gform-image-choice-sm":false,"gform-image-choice-md":false,"gform-image-choice-lg":false},"uagb_author_info":{"display_name":"GiRo_74","author_link":"https:\/\/diwalipuja2026.com\/fr\/author\/giro_74\/"},"uagb_comment_info":0,"uagb_excerpt":"Lieu et acc\u00e8s Schwarzsee, Switzerland Hostellerie am SchwarzseeSeestrasse 101716 Schwarzsee Acc\u00e8s En avion Les a\u00e9roports les plus proches sont Gen\u00e8ve (GVA), Zurich (ZRH) et B\u00e2le-Mulhouse (BSL). De l\u00e0, on peut rejoindre Schwarzsee en train et en bus ou en voiture. Depuis l&#8217;a\u00e9roport de Gen\u00e8ve (GVA) Train direct GVA \u2192 Fribourg : environ 1 heure 30\u2026","_links":{"self":[{"href":"https:\/\/diwalipuja2026.com\/fr\/wp-json\/wp\/v2\/pages\/2528","targetHints":{"allow":["GET"]}}],"collection":[{"href":"https:\/\/diwalipuja2026.com\/fr\/wp-json\/wp\/v2\/pages"}],"about":[{"href":"https:\/\/diwalipuja2026.com\/fr\/wp-json\/wp\/v2\/types\/page"}],"author":[{"embeddable":true,"href":"https:\/\/diwalipuja2026.com\/fr\/wp-json\/wp\/v2\/users\/1"}],"replies":[{"embeddable":true,"href":"https:\/\/diwalipuja2026.com\/fr\/wp-json\/wp\/v2\/comments?post=2528"}],"version-history":[{"count":6,"href":"https:\/\/diwalipuja2026.com\/fr\/wp-json\/wp\/v2\/pages\/2528\/revisions"}],"predecessor-version":[{"id":2576,"href":"https:\/\/diwalipuja2026.com\/fr\/wp-json\/wp\/v2\/pages\/2528\/revisions\/2576"}],"wp:attachment":[{"href":"https:\/\/diwalipuja2026.com\/fr\/wp-json\/wp\/v2\/media?parent=2528"}],"curies":[{"name":"wp","href":"https:\/\/api.w.org\/{rel}","templated":true}]}}