{"id":2518,"date":"2026-02-24T21:26:33","date_gmt":"2026-02-24T20:26:33","guid":{"rendered":"https:\/\/diwalipuja2026.com\/accueil\/"},"modified":"2026-03-19T22:25:47","modified_gmt":"2026-03-19T21:25:47","slug":"accueil","status":"publish","type":"page","link":"https:\/\/diwalipuja2026.com\/fr\/","title":{"rendered":"Accueil"},"content":{"rendered":"\t\t<div data-elementor-type=\"wp-post\" data-elementor-id=\"2518\" class=\"elementor elementor-2518 elementor-1133\">\n\t\t\t\t<div class=\"elementor-element elementor-element-094be62 e-con-full e-flex e-con e-parent\" data-id=\"094be62\" data-element_type=\"container\" data-e-type=\"container\" data-settings=\"{&quot;background_background&quot;:&quot;classic&quot;}\">\n\t\t\t\t<div class=\"elementor-element elementor-element-a3469a9 elementor-widget__width-inherit elementor-widget elementor-widget-text-editor\" data-id=\"a3469a9\" data-element_type=\"widget\" data-e-type=\"widget\" data-widget_type=\"text-editor.default\">\n\t\t\t\t<div class=\"elementor-widget-container\">\n\t\t\t\t\t\t\t\t\t<p>Diwali Puja 2001 &#8211; Lake Piru, USA<\/p>\t\t\t\t\t\t\t\t<\/div>\n\t\t\t\t<\/div>\n\t\t<div class=\"elementor-element elementor-element-03016dc e-con-full e-flex e-con e-child\" data-id=\"03016dc\" data-element_type=\"container\" data-e-type=\"container\">\n\t\t\t\t<div class=\"elementor-element elementor-element-fcdaf37 elementor-widget elementor-widget-heading\" data-id=\"fcdaf37\" data-element_type=\"widget\" data-e-type=\"widget\" data-widget_type=\"heading.default\">\n\t\t\t\t<div class=\"elementor-widget-container\">\n\t\t\t\t\t<h1 class=\"elementor-heading-title elementor-size-default\">Diwali Puja 2026<\/h1>\t\t\t\t<\/div>\n\t\t\t\t<\/div>\n\t\t\t\t<\/div>\n\t\t\t\t<\/div>\n\t\t<div class=\"elementor-element elementor-element-d86f416 e-flex e-con-boxed e-con e-parent\" data-id=\"d86f416\" data-element_type=\"container\" data-e-type=\"container\">\n\t\t\t\t\t<div class=\"e-con-inner\">\n\t\t<div class=\"elementor-element elementor-element-e2a66dd e-con-full e-flex e-con e-child\" data-id=\"e2a66dd\" data-element_type=\"container\" data-e-type=\"container\">\n\t\t\t\t<div class=\"elementor-element elementor-element-96c9af5 elementor-widget elementor-widget-heading\" data-id=\"96c9af5\" data-element_type=\"widget\" data-e-type=\"widget\" data-widget_type=\"heading.default\">\n\t\t\t\t<div class=\"elementor-widget-container\">\n\t\t\t\t\t<h5 class=\"elementor-heading-title elementor-size-default\">Invitation<\/h5>\t\t\t\t<\/div>\n\t\t\t\t<\/div>\n\t\t\t\t<div class=\"elementor-element elementor-element-e81b91b elementor-widget elementor-widget-hfe-infocard\" data-id=\"e81b91b\" data-element_type=\"widget\" data-e-type=\"widget\" data-widget_type=\"hfe-infocard.default\">\n\t\t\t\t<div class=\"elementor-widget-container\">\n\t\t\t\t\t\n\t\t<div class=\"hfe-infocard\">\n\t\t\t\t\t\t\t\t\t<div class=\"hfe-infocard-title-wrap\">\n\t\t\t\t<h2 class=\"hfe-infocard-title elementor-inline-editing\" data-elementor-setting-key=\"infocard_title\" data-elementor-inline-editing-toolbar=\"basic\" >Sahaja Yoga - Diwali Puja 2026<\/h2>\t\t\t<\/div>\n\t\t\t\t\t\t<div class=\"hfe-infocard-text-wrap\">\n\t\t\t\t<div class=\"hfe-infocard-text elementor-inline-editing\" data-elementor-setting-key=\"infocard_description\" data-elementor-inline-editing-toolbar=\"advanced\">\n\t\t\t\t\t<br>Chers fr\u00e8res et s\u0153urs,<br><br>Les pays organisateurs du Diwali Puja 2026 invitent humblement tous les Sahaja Yogis du monde entier \u00e0 venir v\u00e9n\u00e9rer notre Sainte M\u00e8re Shri Mataji Nirmala Devi en Suisse, du 6 au 8 novembre 2026.<br><br>Retrouvons-nous pour c\u00e9l\u00e9brer Diwali Puja dans un lieu historique, au Schwarzsee (Lac Noir), au c\u0153ur d\u2019une vall\u00e9e alpine douce et propice \u00e0 la m\u00e9ditation !\n\t\t\t\t<\/div>\n\t\t\t\t\t\t\t<\/div>\n\t\t<\/div>\n\n\t\t\t\t\t\t<\/div>\n\t\t\t\t<\/div>\n\t\t\t\t<div class=\"elementor-element elementor-element-fb44a5d elementor-widget elementor-widget-text-editor\" data-id=\"fb44a5d\" data-element_type=\"widget\" data-e-type=\"widget\" data-widget_type=\"text-editor.default\">\n\t\t\t\t<div class=\"elementor-widget-container\">\n\t\t\t\t\t\t\t\t\t<p><em>Les pays organisateurs :<\/em><\/p><p><strong><em>Belgique, France, Luxembourg, Pays-Bas, Portugal et Suisse<\/em><\/strong><\/p>\t\t\t\t\t\t\t\t<\/div>\n\t\t\t\t<\/div>\n\t\t\t\t<div class=\"elementor-element elementor-element-3a49ba8 elementor-align-center elementor-widget elementor-widget-button\" data-id=\"3a49ba8\" data-element_type=\"widget\" data-e-type=\"widget\" data-widget_type=\"button.default\">\n\t\t\t\t<div class=\"elementor-widget-container\">\n\t\t\t\t\t\t\t\t\t<div class=\"elementor-button-wrapper\">\n\t\t\t\t\t<a class=\"elementor-button elementor-button-link elementor-size-sm\" href=\"#\">\n\t\t\t\t\t\t<span class=\"elementor-button-content-wrapper\">\n\t\t\t\t\t\t\t\t\t<span class=\"elementor-button-text\">Inscriptions bient\u00f4t disponibles !<\/span>\n\t\t\t\t\t<\/span>\n\t\t\t\t\t<\/a>\n\t\t\t\t<\/div>\n\t\t\t\t\t\t\t\t<\/div>\n\t\t\t\t<\/div>\n\t\t\t\t<\/div>\n\t\t\t\t\t<\/div>\n\t\t\t\t<\/div>\n\t\t<div class=\"elementor-element elementor-element-dae2285 e-flex e-con-boxed e-con e-parent\" data-id=\"dae2285\" data-element_type=\"container\" data-e-type=\"container\" id=\"1\" data-settings=\"{&quot;background_background&quot;:&quot;classic&quot;}\">\n\t\t\t\t\t<div class=\"e-con-inner\">\n\t\t<div class=\"elementor-element elementor-element-1cc0575 e-con-full e-flex e-con e-child\" data-id=\"1cc0575\" data-element_type=\"container\" data-e-type=\"container\">\n\t\t\t\t<div class=\"elementor-element elementor-element-30da512 elementor-widget elementor-widget-heading\" data-id=\"30da512\" data-element_type=\"widget\" data-e-type=\"widget\" data-widget_type=\"heading.default\">\n\t\t\t\t<div class=\"elementor-widget-container\">\n\t\t\t\t\t<h3 class=\"elementor-heading-title elementor-size-default\">Informations<\/h3>\t\t\t\t<\/div>\n\t\t\t\t<\/div>\n\t\t\t\t<div class=\"elementor-element elementor-element-d00ddeb elementor-widget-divider--view-line elementor-widget elementor-widget-divider\" data-id=\"d00ddeb\" data-element_type=\"widget\" data-e-type=\"widget\" data-widget_type=\"divider.default\">\n\t\t\t\t<div class=\"elementor-widget-container\">\n\t\t\t\t\t\t\t<div class=\"elementor-divider\">\n\t\t\t<span class=\"elementor-divider-separator\">\n\t\t\t\t\t\t<\/span>\n\t\t<\/div>\n\t\t\t\t\t\t<\/div>\n\t\t\t\t<\/div>\n\t\t\t\t<div class=\"elementor-element elementor-element-c2b1ea4 elementor-widget elementor-widget-image-box\" data-id=\"c2b1ea4\" data-element_type=\"widget\" data-e-type=\"widget\" data-widget_type=\"image-box.default\">\n\t\t\t\t<div class=\"elementor-widget-container\">\n\t\t\t\t\t<div class=\"elementor-image-box-wrapper\"><div class=\"elementor-image-box-content\"><h4 class=\"elementor-image-box-title\">Calendrier<\/h4><p class=\"elementor-image-box-description\">Du 6 au 8 novembre 2026<br>Puja : Dimanche 8 novembre\n<\/p><\/div><\/div>\t\t\t\t<\/div>\n\t\t\t\t<\/div>\n\t\t\t\t<div class=\"elementor-element elementor-element-421d9aa elementor-widget-divider--view-line elementor-widget elementor-widget-divider\" data-id=\"421d9aa\" data-element_type=\"widget\" data-e-type=\"widget\" data-widget_type=\"divider.default\">\n\t\t\t\t<div class=\"elementor-widget-container\">\n\t\t\t\t\t\t\t<div class=\"elementor-divider\">\n\t\t\t<span class=\"elementor-divider-separator\">\n\t\t\t\t\t\t<\/span>\n\t\t<\/div>\n\t\t\t\t\t\t<\/div>\n\t\t\t\t<\/div>\n\t\t\t\t<div class=\"elementor-element elementor-element-4314198 elementor-widget elementor-widget-image-box\" data-id=\"4314198\" data-element_type=\"widget\" data-e-type=\"widget\" data-widget_type=\"image-box.default\">\n\t\t\t\t<div class=\"elementor-widget-container\">\n\t\t\t\t\t<div class=\"elementor-image-box-wrapper\"><div class=\"elementor-image-box-content\"><h4 class=\"elementor-image-box-title\">Lieu<\/h4><p class=\"elementor-image-box-description\">Schwarzsee, Switzerland<br><br>Hostellerie am Schwarzsee<br>Seestrasse 10<br>CH-1716 Schwarzsee\n<\/p><\/div><\/div>\t\t\t\t<\/div>\n\t\t\t\t<\/div>\n\t\t\t\t<div class=\"elementor-element elementor-element-0fd6a21 elementor-widget-divider--view-line elementor-widget elementor-widget-divider\" data-id=\"0fd6a21\" data-element_type=\"widget\" data-e-type=\"widget\" data-widget_type=\"divider.default\">\n\t\t\t\t<div class=\"elementor-widget-container\">\n\t\t\t\t\t\t\t<div class=\"elementor-divider\">\n\t\t\t<span class=\"elementor-divider-separator\">\n\t\t\t\t\t\t<\/span>\n\t\t<\/div>\n\t\t\t\t\t\t<\/div>\n\t\t\t\t<\/div>\n\t\t\t\t<div class=\"elementor-element elementor-element-da7fbf2 elementor-widget elementor-widget-image-box\" data-id=\"da7fbf2\" data-element_type=\"widget\" data-e-type=\"widget\" data-widget_type=\"image-box.default\">\n\t\t\t\t<div class=\"elementor-widget-container\">\n\t\t\t\t\t<div class=\"elementor-image-box-wrapper\"><div class=\"elementor-image-box-content\"><h4 class=\"elementor-image-box-title\">A propos de Schwarzsee...<\/h4><p class=\"elementor-image-box-description\">La r\u00e9gion de Schwarzsee est une douce vall\u00e9e alpine accessible, tr\u00e8s appr\u00e9ci\u00e9e pour les activit\u00e9s de plein air \u00e9t\u00e9 comme hiver.<br>Toute cette r\u00e9gion de Suisse est authentique, profond\u00e9ment ancr\u00e9e dans la nature, et offre une atmosph\u00e8re saine et paisible, propice \u00e0 la m\u00e9ditation.\n<\/p><\/div><\/div>\t\t\t\t<\/div>\n\t\t\t\t<\/div>\n\t\t\t\t<\/div>\n\t\t<div class=\"elementor-element elementor-element-2f4db7f e-con-full e-flex e-con e-child\" data-id=\"2f4db7f\" data-element_type=\"container\" data-e-type=\"container\">\n\t\t\t\t<div class=\"elementor-element elementor-element-9d60f4d elementor-widget elementor-widget-heading\" data-id=\"9d60f4d\" data-element_type=\"widget\" data-e-type=\"widget\" data-widget_type=\"heading.default\">\n\t\t\t\t<div class=\"elementor-widget-container\">\n\t\t\t\t\t<h2 class=\"elementor-heading-title elementor-size-default\">Retrouvons-nous au c\u0153ur d'une douce vall\u00e9e alpine, id\u00e9ale pour la m\u00e9ditation !<\/h2>\t\t\t\t<\/div>\n\t\t\t\t<\/div>\n\t\t\t\t<\/div>\n\t\t\t\t\t<\/div>\n\t\t\t\t<\/div>\n\t\t<div class=\"elementor-element elementor-element-fc1c9ac e-flex e-con-boxed e-con e-parent\" data-id=\"fc1c9ac\" data-element_type=\"container\" data-e-type=\"container\">\n\t\t\t\t\t<div class=\"e-con-inner\">\n\t\t<div class=\"elementor-element elementor-element-688a7e5 e-con-full e-flex e-con e-child\" data-id=\"688a7e5\" data-element_type=\"container\" data-e-type=\"container\">\n\t\t\t\t<div class=\"elementor-element elementor-element-ea40bcf elementor-widget elementor-widget-heading\" data-id=\"ea40bcf\" data-element_type=\"widget\" data-e-type=\"widget\" data-widget_type=\"heading.default\">\n\t\t\t\t<div class=\"elementor-widget-container\">\n\t\t\t\t\t<h5 class=\"elementor-heading-title elementor-size-default\">Schwarzsee - Suisse<\/h5>\t\t\t\t<\/div>\n\t\t\t\t<\/div>\n\t\t\t\t<div class=\"elementor-element elementor-element-ca5e889 elementor-widget elementor-widget-heading\" data-id=\"ca5e889\" data-element_type=\"widget\" data-e-type=\"widget\" data-widget_type=\"heading.default\">\n\t\t\t\t<div class=\"elementor-widget-container\">\n\t\t\t\t\t<h2 class=\"elementor-heading-title elementor-size-default\">Diwali Puja 2026<\/h2>\t\t\t\t<\/div>\n\t\t\t\t<\/div>\n\t\t<div class=\"elementor-element elementor-element-8e68b1a e-flex e-con-boxed e-con e-child\" data-id=\"8e68b1a\" data-element_type=\"container\" data-e-type=\"container\">\n\t\t\t\t\t<div class=\"e-con-inner\">\n\t\t\t\t<div class=\"elementor-element elementor-element-0fc7785 elementor-widget__width-initial elementor-widget-mobile__width-inherit animated-slow elementor-position-top elementor-invisible elementor-widget elementor-widget-image-box\" data-id=\"0fc7785\" data-element_type=\"widget\" data-e-type=\"widget\" data-settings=\"{&quot;_animation&quot;:&quot;zoomIn&quot;}\" data-widget_type=\"image-box.default\">\n\t\t\t\t<div class=\"elementor-widget-container\">\n\t\t\t\t\t<div class=\"elementor-image-box-wrapper\"><figure class=\"elementor-image-box-img\"><img fetchpriority=\"high\" decoding=\"async\" width=\"380\" height=\"520\" src=\"https:\/\/diwalipuja2026.com\/wp-content\/uploads\/2026\/02\/Hotel-Schwarzsee.jpg\" class=\"attachment-full size-full wp-image-2514\" alt=\"hotel schwarzsee\" title=\"Accueil\" srcset=\"https:\/\/diwalipuja2026.com\/wp-content\/uploads\/2026\/02\/Hotel-Schwarzsee.jpg 380w, https:\/\/diwalipuja2026.com\/wp-content\/uploads\/2026\/02\/Hotel-Schwarzsee-219x300.jpg 219w\" sizes=\"(max-width: 380px) 100vw, 380px\" \/><\/figure><div class=\"elementor-image-box-content\"><h4 class=\"elementor-image-box-title\">Un lieu sacr\u00e9...<\/h4><p class=\"elementor-image-box-description\">La Puja aura lieu \u00e0 l'\u00ab Hostellerie am Schwarzsee \u00bb, un h\u00f4tel que Shri Mataji a visit\u00e9 \u00e0 plusieurs reprises et o\u00f9 un Puja d\u00e9di\u00e9 \u00e0 Shri Krishna Puja a \u00e9t\u00e9 c\u00e9l\u00e9br\u00e9 en sa pr\u00e9sence en ao\u00fbt 1986 !<\/p><\/div><\/div>\t\t\t\t<\/div>\n\t\t\t\t<\/div>\n\t\t\t\t<div class=\"elementor-element elementor-element-c026ea0 elementor-widget__width-initial elementor-widget-mobile__width-inherit animated-slow elementor-position-top elementor-invisible elementor-widget elementor-widget-image-box\" data-id=\"c026ea0\" data-element_type=\"widget\" data-e-type=\"widget\" data-settings=\"{&quot;_animation&quot;:&quot;zoomIn&quot;}\" data-widget_type=\"image-box.default\">\n\t\t\t\t<div class=\"elementor-widget-container\">\n\t\t\t\t\t<div class=\"elementor-image-box-wrapper\"><figure class=\"elementor-image-box-img\"><img decoding=\"async\" width=\"380\" height=\"520\" src=\"https:\/\/diwalipuja2026.com\/wp-content\/uploads\/2026\/02\/ShriKrishnaPuja1986.jpg\" class=\"attachment-full size-full wp-image-2515\" alt=\"shrikrishnapuja1986\" title=\"Accueil\" srcset=\"https:\/\/diwalipuja2026.com\/wp-content\/uploads\/2026\/02\/ShriKrishnaPuja1986.jpg 380w, https:\/\/diwalipuja2026.com\/wp-content\/uploads\/2026\/02\/ShriKrishnaPuja1986-219x300.jpg 219w\" sizes=\"(max-width: 380px) 100vw, 380px\" \/><\/figure><div class=\"elementor-image-box-content\"><h4 class=\"elementor-image-box-title\">Shri Krishna Puja - 1986<\/h4><p class=\"elementor-image-box-description\">\u00ab Nous sommes ici, entour\u00e9s de beaut\u00e9, avec les vaches, tant de vaches en ce jour de l\u2019anniversaire de Krishna. \u00bb<br>Shri Mataji Nirmala Devi - Schwarzsee, ao\u00fbt 1986. <\/p><\/div><\/div>\t\t\t\t<\/div>\n\t\t\t\t<\/div>\n\t\t\t\t<div class=\"elementor-element elementor-element-209969d elementor-widget__width-initial elementor-widget-mobile__width-inherit animated-slow elementor-position-top elementor-invisible elementor-widget elementor-widget-image-box\" data-id=\"209969d\" data-element_type=\"widget\" data-e-type=\"widget\" data-settings=\"{&quot;_animation&quot;:&quot;zoomIn&quot;}\" data-widget_type=\"image-box.default\">\n\t\t\t\t<div class=\"elementor-widget-container\">\n\t\t\t\t\t<div class=\"elementor-image-box-wrapper\"><figure class=\"elementor-image-box-img\"><img decoding=\"async\" width=\"380\" height=\"520\" src=\"https:\/\/diwalipuja2026.com\/wp-content\/uploads\/2026\/02\/Lac-Noir.jpg\" class=\"attachment-full size-full wp-image-2516\" alt=\"lac noir\" title=\"Accueil\" srcset=\"https:\/\/diwalipuja2026.com\/wp-content\/uploads\/2026\/02\/Lac-Noir.jpg 380w, https:\/\/diwalipuja2026.com\/wp-content\/uploads\/2026\/02\/Lac-Noir-219x300.jpg 219w\" sizes=\"(max-width: 380px) 100vw, 380px\" \/><\/figure><div class=\"elementor-image-box-content\"><h4 class=\"elementor-image-box-title\">Le Lac Noir...<\/h4><p class=\"elementor-image-box-description\">L'endroit se situe pr\u00e8s du Lac Noir, un petit lac naturel situ\u00e9 \u00e0 1 046 m\u00e8tres d'altitude au pied des Pr\u00e9alpes, dans la r\u00e9gion de Fribourg\u2026<\/p><\/div><\/div>\t\t\t\t<\/div>\n\t\t\t\t<\/div>\n\t\t\t\t\t<\/div>\n\t\t\t\t<\/div>\n\t\t\t\t<\/div>\n\t\t\t\t\t<\/div>\n\t\t\t\t<\/div>\n\t\t<div class=\"elementor-element elementor-element-19f73d5 e-flex e-con-boxed e-con e-parent\" data-id=\"19f73d5\" data-element_type=\"container\" data-e-type=\"container\" data-settings=\"{&quot;background_background&quot;:&quot;classic&quot;}\">\n\t\t\t\t\t<div class=\"e-con-inner\">\n\t\t<div class=\"elementor-element elementor-element-6eb36f3 e-con-full e-flex e-con e-child\" data-id=\"6eb36f3\" data-element_type=\"container\" data-e-type=\"container\">\n\t\t\t\t<div class=\"elementor-element elementor-element-43edbc6 elementor-widget elementor-widget-heading\" data-id=\"43edbc6\" data-element_type=\"widget\" data-e-type=\"widget\" data-widget_type=\"heading.default\">\n\t\t\t\t<div class=\"elementor-widget-container\">\n\t\t\t\t\t<h3 class=\"elementor-heading-title elementor-size-default\">Informations pratiques et inscriptions bient\u00f4t disponibles !<\/h3>\t\t\t\t<\/div>\n\t\t\t\t<\/div>\n\t\t\t\t<\/div>\n\t\t<div class=\"elementor-element elementor-element-5ca044e e-con-full e-flex e-con e-child\" data-id=\"5ca044e\" data-element_type=\"container\" data-e-type=\"container\">\n\t\t\t\t<div class=\"elementor-element elementor-element-fc3825c elementor-align-right elementor-mobile-align-center elementor-widget elementor-widget-button\" data-id=\"fc3825c\" data-element_type=\"widget\" data-e-type=\"widget\" data-widget_type=\"button.default\">\n\t\t\t\t<div class=\"elementor-widget-container\">\n\t\t\t\t\t\t\t\t\t<div class=\"elementor-button-wrapper\">\n\t\t\t\t\t<a class=\"elementor-button elementor-button-link elementor-size-sm\" href=\"#\">\n\t\t\t\t\t\t<span class=\"elementor-button-content-wrapper\">\n\t\t\t\t\t\t\t\t\t<span class=\"elementor-button-text\">Les inscriptions ouvriront bient\u00f4t !<\/span>\n\t\t\t\t\t<\/span>\n\t\t\t\t\t<\/a>\n\t\t\t\t<\/div>\n\t\t\t\t\t\t\t\t<\/div>\n\t\t\t\t<\/div>\n\t\t\t\t<\/div>\n\t\t\t\t\t<\/div>\n\t\t\t\t<\/div>\n\t\t\t\t<\/div>\n\t\t","protected":false},"excerpt":{"rendered":"<p>Diwali Puja 2001 &#8211; Lake Piru, USA Diwali Puja 2026 Invitation Sahaja Yoga &#8211; Diwali Puja 2026 Chers fr\u00e8res et s\u0153urs, Les pays organisateurs du Diwali Puja 2026 invitent humblement tous les Sahaja Yogis du monde entier \u00e0 venir v\u00e9n\u00e9rer notre Sainte M\u00e8re Shri Mataji Nirmala Devi en Suisse, du 6 au 8 novembre 2026. [&hellip;]<\/p>\n","protected":false},"author":1,"featured_media":0,"parent":0,"menu_order":0,"comment_status":"closed","ping_status":"closed","template":"elementor_header_footer","meta":{"_uag_custom_page_level_css":"","site-sidebar-layout":"default","site-content-layout":"","ast-site-content-layout":"full-width-container","site-content-style":"default","site-sidebar-style":"unboxed","ast-global-header-display":"","ast-banner-title-visibility":"","ast-main-header-display":"","ast-hfb-above-header-display":"","ast-hfb-below-header-display":"","ast-hfb-mobile-header-display":"","site-post-title":"disabled","ast-breadcrumbs-content":"","ast-featured-img":"","footer-sml-layout":"","ast-disable-related-posts":"","theme-transparent-header-meta":"enabled","adv-header-id-meta":"","stick-header-meta":"","header-above-stick-meta":"","header-main-stick-meta":"","header-below-stick-meta":"","astra-migrate-meta-layouts":"default","ast-page-background-enabled":"default","ast-page-background-meta":{"desktop":{"background-color":"","background-image":"","background-repeat":"repeat","background-position":"center center","background-size":"auto","background-attachment":"scroll","background-type":"","background-media":"","overlay-type":"","overlay-color":"","overlay-opacity":"","overlay-gradient":""},"tablet":{"background-color":"","background-image":"","background-repeat":"repeat","background-position":"center center","background-size":"auto","background-attachment":"scroll","background-type":"","background-media":"","overlay-type":"","overlay-color":"","overlay-opacity":"","overlay-gradient":""},"mobile":{"background-color":"","background-image":"","background-repeat":"repeat","background-position":"center center","background-size":"auto","background-attachment":"scroll","background-type":"","background-media":"","overlay-type":"","overlay-color":"","overlay-opacity":"","overlay-gradient":""}},"ast-content-background-meta":{"desktop":{"background-color":"var(--ast-global-color-5)","background-image":"","background-repeat":"repeat","background-position":"center center","background-size":"auto","background-attachment":"scroll","background-type":"","background-media":"","overlay-type":"","overlay-color":"","overlay-opacity":"","overlay-gradient":""},"tablet":{"background-color":"var(--ast-global-color-5)","background-image":"","background-repeat":"repeat","background-position":"center center","background-size":"auto","background-attachment":"scroll","background-type":"","background-media":"","overlay-type":"","overlay-color":"","overlay-opacity":"","overlay-gradient":""},"mobile":{"background-color":"var(--ast-global-color-5)","background-image":"","background-repeat":"repeat","background-position":"center center","background-size":"auto","background-attachment":"scroll","background-type":"","background-media":"","overlay-type":"","overlay-color":"","overlay-opacity":"","overlay-gradient":""}},"footnotes":""},"class_list":["post-2518","page","type-page","status-publish","hentry"],"uagb_featured_image_src":{"full":false,"thumbnail":false,"medium":false,"medium_large":false,"large":false,"1536x1536":false,"2048x2048":false,"gform-image-choice-sm":false,"gform-image-choice-md":false,"gform-image-choice-lg":false},"uagb_author_info":{"display_name":"GiRo_74","author_link":"https:\/\/diwalipuja2026.com\/fr\/author\/giro_74\/"},"uagb_comment_info":0,"uagb_excerpt":"Diwali Puja 2001 &#8211; Lake Piru, USA Diwali Puja 2026 Invitation Sahaja Yoga &#8211; Diwali Puja 2026 Chers fr\u00e8res et s\u0153urs, Les pays organisateurs du Diwali Puja 2026 invitent humblement tous les Sahaja Yogis du monde entier \u00e0 venir v\u00e9n\u00e9rer notre Sainte M\u00e8re Shri Mataji Nirmala Devi en Suisse, du 6 au 8 novembre 2026.\u2026","_links":{"self":[{"href":"https:\/\/diwalipuja2026.com\/fr\/wp-json\/wp\/v2\/pages\/2518","targetHints":{"allow":["GET"]}}],"collection":[{"href":"https:\/\/diwalipuja2026.com\/fr\/wp-json\/wp\/v2\/pages"}],"about":[{"href":"https:\/\/diwalipuja2026.com\/fr\/wp-json\/wp\/v2\/types\/page"}],"author":[{"embeddable":true,"href":"https:\/\/diwalipuja2026.com\/fr\/wp-json\/wp\/v2\/users\/1"}],"replies":[{"embeddable":true,"href":"https:\/\/diwalipuja2026.com\/fr\/wp-json\/wp\/v2\/comments?post=2518"}],"version-history":[{"count":2,"href":"https:\/\/diwalipuja2026.com\/fr\/wp-json\/wp\/v2\/pages\/2518\/revisions"}],"predecessor-version":[{"id":2535,"href":"https:\/\/diwalipuja2026.com\/fr\/wp-json\/wp\/v2\/pages\/2518\/revisions\/2535"}],"wp:attachment":[{"href":"https:\/\/diwalipuja2026.com\/fr\/wp-json\/wp\/v2\/media?parent=2518"}],"curies":[{"name":"wp","href":"https:\/\/api.w.org\/{rel}","templated":true}]}}